{"id":1504,"date":"2024-06-20T14:08:50","date_gmt":"2024-06-20T12:08:50","guid":{"rendered":"https:\/\/focaliza2030.com\/?page_id=1504"},"modified":"2024-07-17T14:05:31","modified_gmt":"2024-07-17T12:05:31","slug":"politica-de-privacidad","status":"publish","type":"page","link":"https:\/\/focaliza2030.com\/ca\/politica-de-privacidad\/","title":{"rendered":"Pol\u00edtica de privacitat"},"content":{"rendered":"<div data-elementor-type=\"wp-page\" data-elementor-id=\"1504\" class=\"elementor elementor-1504\" data-elementor-post-type=\"page\">\n\t\t\t\t<div class=\"elementor-element elementor-element-4fd93fb e-con-full e-flex e-con e-parent\" data-id=\"4fd93fb\" data-element_type=\"container\" data-e-type=\"container\">\n\t\t\t\t<div class=\"elementor-element elementor-element-476da4d elementor-widget elementor-widget-html\" data-id=\"476da4d\" data-element_type=\"widget\" data-e-type=\"widget\" data-widget_type=\"html.default\">\n\t\t\t\t<div class=\"elementor-widget-container\">\n\t\t\t\t\t<style>\r\n    ._politica {\r\n        color: #000;\r\n        \/* Color cambiado a negro *\/\r\n        padding: 5em 5em 3em 5em;\r\n        width: auto;\r\n        text-align: justify;\r\n    }\r\n\r\n    ._politica h1 {\r\n        color: #000;\r\n        \/* Color cambiado a negro *\/\r\n        text-align: center;\r\n        padding: 1em;\r\n    }\r\n\r\n    ._politica h2 {\r\n        color: #000;\r\n        \/* Color cambiado a negro *\/\r\n    }\r\n\r\n    ._politica h3 {\r\n        color: #000;\r\n        \/* Color cambiado a negro *\/\r\n    }\r\n\r\n    ._politica a {\r\n        color: #000;\r\n    }\r\n\r\n    @media (max-width: 600px) {\r\n        ._politica {\r\n            padding: 1em;\r\n            font-size: 12px !important;\r\n        }\r\n\r\n        ._politica h1 {\r\n            font-size: 1.2em !important;\r\n            padding: 0.5em 0;\r\n        }\r\n\r\n        ._politica h2 {\r\n            font-size: 1em !important;\r\n        }\r\n\r\n        ._politica h3 {\r\n            font-size: 0.9em !important;\r\n        }\r\n\r\n        .responsive {\r\n            width: 100%;\r\n            font-size: 10px !important;\r\n        }\r\n    }\r\n<\/style>\r\n\r\n<div class=\"_politica\">\r\n    <h1>Pol\u00edtica de privacitat<\/h1>\r\n    <table class=\"responsive\">\r\n        <tbody>\r\n            <tr>\r\n                <td>EP\u00cdGRAF<\/td>\r\n                <td>Inscripci\u00f3 Registre Mercantil tom 26884, foli 122, fulla registral B109254<\/td>\r\n            <\/tr>\r\n            <tr>\r\n                <td>Responsable<\/td>\r\n                <td><strong>FOCALIZA 2030 SL,<\/strong> con domicilio en Av. Cabrera 36, Coworking Torre d'Ara, Of. A04, 08302 Matar\u00f3, es\r\n                    el responsable del correcto tratamiento de sus datos. Puede Vd. consultar sobre este tratamiento a\r\n                    trav\u00e9s del siguiente correo electr\u00f3nico <a\r\n                        href=\"mailto:datos@focaliza2030.com\">datos@focaliza2030.com<\/a><\/td>\r\n            <\/tr>\r\n            <tr>\r\n                <td>Finalitat<\/td>\r\n                <td>\r\n                    <p>En FOCALIZA 2030 SL, tractem la informaci\u00f3 que ens faciliten les persones interessades\namb la finalitat de:<\/p>\r\n                    <ul>\r\n                        <li>Complir amb les prestacions i serveis que subscriguem amb el client.<\/li>\r\n                        <li>Tramitar i gestionar les sol\u00b7licituds realitzades en relaci\u00f3 a productes i serveis.\r\n                        <\/li>\r\n                        <li>Remetre informaci\u00f3 publicit\u00e0ria o promocional de productes i\/o serveis.<\/li>\r\n                        <li>Gestionar la subscripci\u00f3 a not\u00edcies i\/o blog de manera peri\u00f2dica.<\/li>\r\n                        <li>Tractar les dades personals per a mantenir un registre de curr\u00edculums de cara a una\nselecci\u00f3 de personal.<\/li>\r\n                    <\/ul>\r\n                    <p>Les dades personals proporcionades es conservaran mentre es mantingui la relaci\u00f3\ncontractual i no se sol\u00b7liciti la seva supressi\u00f3 per l'interessat.<\/p>\r\n                    <p>Hi ha dades que per la seva naturalesa, hem de conservar tot i que ens retiri la seva naturalesa\n                        consentiment per l\u201fexist\u00e8ncia d\u201funa obligaci\u00f3 legal.<\/p>\r\n                <\/td>\r\n            <\/tr>\r\n            <tr>\r\n                <td>Legitimaci\u00f3<\/td>\r\n                <td>\r\n                    <p>La utilitzaci\u00f3 de les dades que ens has facilitat a trav\u00e9s del consentiment, \u00e9s\n                        necess\u00e0ria per a la correcta gesti\u00f3 de les relacions amb els Clients\/Col\u00b7laboradors i,\n                        a m\u00e9s, poder complir les obligacions legals.<\/p>\r\n                    <p>En qualsevol moment podeu manifestar la vostra oposici\u00f3 a l'\u00fas de les vostres dades i, per tant,\n                        deixar sense efecte qualsevol tipus de gesti\u00f3 amb aquests, quedant \u00fanicament les seves dades\n                        bloquejats durant el temps legalment previst. Comunicar-li que el no consentiment\n                        pot comportar que els serveis siguin impossibles de prestar.<\/p>\r\n                <\/td>\r\n            <\/tr>\r\n            <tr>\r\n                <td>Destinataris<\/td>\r\n                <td>\r\n                    <p>En principi no se cediran dades tret d'obligaci\u00f3 legal.<\/p>\r\n                    <p>Ara b\u00e9, les vostres dades podran ser cedides a professionals i\/o prove\u00efdors d'aquesta Entitat\n                        als sols efectes compliment contractual o b\u00e9, a prove\u00efdors del serveis d'aquesta\n                        Entitat com s\u00f3n les assessories, serveis inform\u00e0tics, serveis d'emmagatzematge a\n                        el n\u00favol, etc.<\/p>\r\n                    <p>Empreses prove\u00efdores nacionals i encarregats de tractament acollits a Privacy Shield.\r\n                    <\/p>\r\n                <\/td>\r\n            <\/tr>\r\n            <tr>\r\n                <td>Drets<\/td>\r\n                <td>\r\n                    <p>Nom\u00e9s conservarem les vostres dades personals mentre que mantinguem una relaci\u00f3\n                        contractual, mentre que existeixi un requisit legal que ho obligui, mentre que no\n                        exerceixi cap dels drets que facin que no puguem tractar les vostres dades.<\/p>\r\n                    <p>Com a titular de drets, vost\u00e8 t\u00e9 el control de les seves dades i, per tant, en qualsevol\n                        moment pot exercitar els seus drets, enviant-nos un correu electr\u00f2nic <a\r\n                            href=\"mailto:datos@focaliza2030.com\">datos@focaliza2030.com<\/a><\/p>\r\n                    <p>Els drets que pot exercitar s\u00f3n:<\/p>\r\n                    <ul>\r\n                        <li>Acc\u00e9s \u2013 Podreu consultar les vostres dades personals tractades per aquesta Entitat.<\/li>\r\n                        <li>Rectificaci\u00f3 \u2013 Podreu modificar les vostres dades personals quan siguin inexactes.<\/li>\r\n                        <li>Supressi\u00f3 \u2013 Podeu sol\u00b7licitar l'eliminaci\u00f3 de les vostres dades personals.<\/li>\r\n                        <li>Oposici\u00f3 \u2013 Podreu sol\u00b7licitar que no es tracti alguna de les vostres dades personals.<\/li>\r\n                        <li>Limitaci\u00f3 del Tractament \u2013 \u200b\u200bPodr\u00e0 sol\u00b7licitar la limitaci\u00f3 al tractament dels seus\n                            dades personals en determinades circumst\u00e0ncies.<\/li>\r\n                        <li>Portabilitat \u2013 Podr\u00e0 rebre les dades personals que ens hagi facilitat o que\n                            h\u00e0gim obtingut en la nostra relaci\u00f3 contractual, aix\u00ed com transmetre'ls a una altra\n                            Entitat.<\/li>\r\n                    <\/ul>\r\n                    <p>S'informa els usuaris, que tenen dret a revocar el consentiment en qualsevol\n                        moment, sense que aix\u00f2 afecti la licitud del tractament basat en el consentiment\n                        previ a la retirada.<\/p>\r\n                    <p>Aix\u00ed mateix s'informa als interessats que poden presentar una reclamaci\u00f3 davant de la\n                        Autoritat de Control en mat\u00e8ria de Protecci\u00f3 de Dades competent, especialment quan\n                        no hagi obtingut satisfacci\u00f3 en lexercici dels seus drets.<\/p>\r\n                    <p>Tots els seus drets els pot sol\u00b7licitar indicant el seu nom i fent-nos arribar una\n                        fotoc\u00f2pia de la identificaci\u00f3 amb la sol\u00b7licitud.<\/p>\r\n                <\/td>\r\n            <\/tr>\r\n        <\/tbody>\r\n    <\/table><br>\r\n    <h2>DESENVOLUPAMENT DE LA INFORMACI\u00d3 B\u00c0SICA<\/h2>\r\n\r\n    <p>A la nostra Entitat, hem adaptat els nostres protocols i pol\u00edtiques de privadesa al Reglament Europeu de\n        Protecci\u00f3 de Dades 679\/2016 (RGPD) ia la LO 3\/2018, del 5 de desembre, de Protecci\u00f3 de Dades\n        personals i garantia dels drets digitals, at\u00e8s que ens preocupa la seguretat i la protecci\u00f3 de\n        les dades que tractem.<\/p><br>\r\n    <h3>1.- QUI \u00c9S EL RESPONSABLE DEL TRACTAMENT DE DADES<\/h3>\r\n    <p><strong>FOCALIZA 2030 SL,<\/strong> con domicilio en Av. Cabrera 36, Coworking Torre d'Ara, Of. A04, 08302 Matar\u00f3, es el responsable\r\n        del correcto tratamiento de sus datos. Puede Vd. consultar sobre este\r\n        tratamiento a trav\u00e9s del siguiente correo electr\u00f3nico <a\r\n            href=\"mailto:datos@focaliza2030.com\">datos@focaliza2030.com<\/a><\/p><br>\r\n    <h3>2.- PER A QU\u00c8 UTILITZEM LES SEVES DADES I QUAN TEMPS LES CONSERVEM<\/h3>\r\n    <p>A FOCALIZA 2030 SL, tractem la informaci\u00f3 que ens faciliten les persones interessades per tal de:\r\n    <\/p>\r\n    <ul>\r\n        <li>Complir amb les prestacions i serveis que subscriguem amb el client.<\/li>\r\n        <li>Tramitar i gestionar les sol\u00b7licituds realitzades en relaci\u00f3 a productes i serveis.<\/li>\r\n        <li>Remetre informaci\u00f3 publicit\u00e0ria o promocional de productes i\/o serveis.<\/li>\r\n        <li>Gestionar la subscripci\u00f3 a not\u00edcies i\/o blog de manera peri\u00f2dica.<\/li>\r\n    <\/ul>\r\n    <p>Les dades personals proporcionades es conservaran mentre es mantingui la relaci\u00f3 contractual i no es\n        sol\u00b7liciteu la supressi\u00f3 per l'interessat.<\/p>\r\n    <p>Hi ha dades que per la seva naturalesa, hem de conservar tot i que ens retiri el seu consentiment per la\n        exist\u00e8ncia d'una obligaci\u00f3 legal.<\/p><br>\r\n\r\n    <h3>3.- QUINA \u00c9S LA BASE LEGAL PER AL TRACTAMENT DE LES DADES<\/h3>\r\n    <p>La utilitzaci\u00f3 de les dades que ens has facilitat a trav\u00e9s del consentiment, \u00e9s necess\u00e0ria per a la\n        correcta gesti\u00f3 de les relacions amb els Clients\/Col\u00b7laboradors i, a m\u00e9s, poder complir amb les\n        obligacions legals.<\/p>\r\n    <p>En qualsevol moment podeu manifestar la vostra oposici\u00f3 a l'\u00fas de les vostres dades i, per tant, deixar sense efecte\n        qualsevol tipus de gesti\u00f3 amb aquests, quedant \u00fanicament les seves dades bloquejades durant el temps\n        legalment previst. Comunicar-vos que el no consentiment pot comportar que els serveis siguin\n        impossibles de prestar.<\/p><br>\r\n\r\n    <h3>4.- CEDIRAN LES MEVES DADES<\/h3>\r\n    <p>En principi no se cediran dades tret d'obligaci\u00f3 legal.<\/p>\r\n    <p>Ara b\u00e9, les vostres dades podran ser cedides a professionals i\/o prove\u00efdors d'aquesta Entitat als solos\n        efectes compliment contractual o b\u00e9 a prove\u00efdors del serveis d'aquesta Entitat com s\u00f3n les\n        assessories, serveis inform\u00e0tics, serveis d'emmagatzematge al n\u00favol, etc.<\/p><br>\r\n\r\n    <h3>5.- DURANT QUANT CONSERVAREM LES SEVES DADES PERSONALS<\/h3>\r\n    <p>Nom\u00e9s conservarem les vostres dades personals mentre que mantinguem una relaci\u00f3 contractual, mentre\n        que hi hagi un requisit legal que ho obligui, mentre que vost\u00e8 no exerceixi cap dels drets que\n        facin que no puguem tractar les vostres dades.<\/p><br>\r\n\r\n    <h3>6.- COM PUC EXERCIR ELS MEUS DRETS<\/h3>\r\n    <p>Com a titular de drets, vost\u00e8 t\u00e9 el control de les seves dades i, per tant, en qualsevol moment pot\n        exercitar els vostres drets, enviant-nos un correu electr\u00f2nic <a\r\n            href=\"mailto:datos@focaliza2030.com\">datos@focaliza2030.com<\/a><\/p>\r\n    <p>Els drets que pot exercitar s\u00f3n:<\/p><br>\r\n    <ul>\r\n        <li>Acc\u00e9s \u2013 Podreu consultar les vostres dades personals tractades per aquesta Entitat.<\/li>\r\n        <li>Rectificaci\u00f3 \u2013 Podreu modificar les vostres dades personals quan siguin inexactes.<\/li>\r\n        <li>Supressi\u00f3 \u2013 Podeu sol\u00b7licitar l'eliminaci\u00f3 de les vostres dades personals.<\/li>\r\n        <li>Oposici\u00f3 \u2013 Podreu sol\u00b7licitar que no es tracti alguna de les vostres dades personals.<\/li>\r\n        <li>Limitaci\u00f3n del Tratamiento \u2013 Podr\u00e1 solicitar la limitaci\u00f3n al tratamiento de sus datos personales en\r\n            determinadas circunstancias.<\/li>\r\n        <li>Portabilidad \u2013 Podr\u00e1 recibir los datos personales que nos haya facilitado o que hayamos obtenido en\r\n            nuestra relaci\u00f3n contractual, as\u00ed como trasmitirlos a otra Entidad.<\/li><br>\r\n\r\n    <\/ul>\r\n    <p>S'informa els usuaris, que t\u00e9 dret a revocar el consentiment en qualsevol moment, sense que\n        aix\u00f2 afecti la licitud del tractament basat en el consentiment previ a la seva retirada.<\/p>\r\n    <p>Aix\u00ed mateix s'informa els interessats que poden presentar una reclamaci\u00f3 davant de l'Autoritat de\n        Control en mat\u00e8ria de protecci\u00f3 de dades competent, especialment quan no hagi obtingut satisfacci\u00f3\n        en lexercici dels seus drets.<\/p>\r\n    <p>Tots els vostres drets podeu sol\u00b7licitar-los indicant el vostre nom i fent-nos arribar una fotoc\u00f2pia del vostre\n        identificaci\u00f3 amb la sol\u00b7licitud.<\/p>\r\n<\/div>\t\t\t\t<\/div>\n\t\t\t\t<\/div>\n\t\t\t\t<\/div>\n\t\t\t\t<\/div>","protected":false},"excerpt":{"rendered":"<p>Pol\u00edtica de privacidad EP\u00cdGRAFE Inscripci\u00f3n Registro Mercantil tomo 26884, folio 122, hoja registral B109254 Responsable FOCALIZA 2030 SL, con domicilio [&hellip;]<\/p>\n","protected":false},"author":2,"featured_media":0,"parent":0,"menu_order":0,"comment_status":"closed","ping_status":"closed","template":"","meta":{"_uag_custom_page_level_css":"","site-sidebar-layout":"no-sidebar","site-content-layout":"","ast-site-content-layout":"full-width-container","site-content-style":"default","site-sidebar-style":"default","ast-global-header-display":"","ast-banner-title-visibility":"","ast-main-header-display":"","ast-hfb-above-header-display":"","ast-hfb-below-header-display":"","ast-hfb-mobile-header-display":"","site-post-title":"disabled","ast-breadcrumbs-content":"","ast-featured-img":"disabled","footer-sml-layout":"","theme-transparent-header-meta":"","adv-header-id-meta":"","stick-header-meta":"","header-above-stick-meta":"","header-main-stick-meta":"","header-below-stick-meta":"","astra-migrate-meta-layouts":"default","ast-page-background-enabled":"default","ast-page-background-meta":{"desktop":{"background-color":"var(--ast-global-color-4)","background-image":"","background-repeat":"repeat","background-position":"center center","background-size":"auto","background-attachment":"scroll","background-type":"","background-media":"","overlay-type":"","overlay-color":"","overlay-opacity":"","overlay-gradient":""},"tablet":{"background-color":"","background-image":"","background-repeat":"repeat","background-position":"center center","background-size":"auto","background-attachment":"scroll","background-type":"","background-media":"","overlay-type":"","overlay-color":"","overlay-opacity":"","overlay-gradient":""},"mobile":{"background-color":"","background-image":"","background-repeat":"repeat","background-position":"center center","background-size":"auto","background-attachment":"scroll","background-type":"","background-media":"","overlay-type":"","overlay-color":"","overlay-opacity":"","overlay-gradient":""}},"ast-content-background-meta":{"desktop":{"background-color":"var(--ast-global-color-5)","background-image":"","background-repeat":"repeat","background-position":"center center","background-size":"auto","background-attachment":"scroll","background-type":"","background-media":"","overlay-type":"","overlay-color":"","overlay-opacity":"","overlay-gradient":""},"tablet":{"background-color":"var(--ast-global-color-5)","background-image":"","background-repeat":"repeat","background-position":"center center","background-size":"auto","background-attachment":"scroll","background-type":"","background-media":"","overlay-type":"","overlay-color":"","overlay-opacity":"","overlay-gradient":""},"mobile":{"background-color":"var(--ast-global-color-5)","background-image":"","background-repeat":"repeat","background-position":"center center","background-size":"auto","background-attachment":"scroll","background-type":"","background-media":"","overlay-type":"","overlay-color":"","overlay-opacity":"","overlay-gradient":""}},"footnotes":""},"class_list":["post-1504","page","type-page","status-publish","hentry"],"yoast_head":"<!-- This site is optimized with the Yoast SEO plugin v27.3 - https:\/\/yoast.com\/product\/yoast-seo-wordpress\/ -->\n<title>Pol\u00edtica de privacidad - Focaliza 2030<\/title>\n<meta name=\"robots\" content=\"index, follow, max-snippet:-1, max-image-preview:large, max-video-preview:-1\" \/>\n<link rel=\"canonical\" href=\"https:\/\/focaliza2030.com\/ca\/politica-de-privacidad\/\" \/>\n<meta property=\"og:locale\" content=\"ca_ES\" \/>\n<meta property=\"og:type\" content=\"article\" \/>\n<meta property=\"og:title\" content=\"Pol\u00edtica de privacidad - Focaliza 2030\" \/>\n<meta property=\"og:description\" content=\"Pol\u00edtica de privacidad EP\u00cdGRAFE Inscripci\u00f3n Registro Mercantil tomo 26884, folio 122, hoja registral B109254 Responsable FOCALIZA 2030 SL, con domicilio [&hellip;]\" \/>\n<meta property=\"og:url\" content=\"https:\/\/focaliza2030.com\/ca\/politica-de-privacidad\/\" \/>\n<meta property=\"og:site_name\" content=\"Focaliza 2030\" \/>\n<meta property=\"article:modified_time\" content=\"2024-07-17T12:05:31+00:00\" \/>\n<meta name=\"twitter:card\" content=\"summary_large_image\" \/>\n<meta name=\"twitter:label1\" content=\"Temps estimat de lectura\" \/>\n\t<meta name=\"twitter:data1\" content=\"6 minuts\" \/>\n<script type=\"application\/ld+json\" class=\"yoast-schema-graph\">{\"@context\":\"https:\\\/\\\/schema.org\",\"@graph\":[{\"@type\":\"WebPage\",\"@id\":\"https:\\\/\\\/focaliza2030.com\\\/politica-de-privacidad\\\/\",\"url\":\"https:\\\/\\\/focaliza2030.com\\\/politica-de-privacidad\\\/\",\"name\":\"Pol\u00edtica de privacidad - Focaliza 2030\",\"isPartOf\":{\"@id\":\"https:\\\/\\\/focaliza2030.com\\\/#website\"},\"datePublished\":\"2024-06-20T12:08:50+00:00\",\"dateModified\":\"2024-07-17T12:05:31+00:00\",\"breadcrumb\":{\"@id\":\"https:\\\/\\\/focaliza2030.com\\\/politica-de-privacidad\\\/#breadcrumb\"},\"inLanguage\":\"ca\",\"potentialAction\":[{\"@type\":\"ReadAction\",\"target\":[\"https:\\\/\\\/focaliza2030.com\\\/politica-de-privacidad\\\/\"]}]},{\"@type\":\"BreadcrumbList\",\"@id\":\"https:\\\/\\\/focaliza2030.com\\\/politica-de-privacidad\\\/#breadcrumb\",\"itemListElement\":[{\"@type\":\"ListItem\",\"position\":1,\"name\":\"Portada\",\"item\":\"https:\\\/\\\/focaliza2030.com\\\/\"},{\"@type\":\"ListItem\",\"position\":2,\"name\":\"Pol\u00edtica de privacidad\"}]},{\"@type\":\"WebSite\",\"@id\":\"https:\\\/\\\/focaliza2030.com\\\/#website\",\"url\":\"https:\\\/\\\/focaliza2030.com\\\/\",\"name\":\"Focaliza 2030\",\"description\":\"\",\"publisher\":{\"@id\":\"https:\\\/\\\/focaliza2030.com\\\/#organization\"},\"potentialAction\":[{\"@type\":\"SearchAction\",\"target\":{\"@type\":\"EntryPoint\",\"urlTemplate\":\"https:\\\/\\\/focaliza2030.com\\\/?s={search_term_string}\"},\"query-input\":{\"@type\":\"PropertyValueSpecification\",\"valueRequired\":true,\"valueName\":\"search_term_string\"}}],\"inLanguage\":\"ca\"},{\"@type\":\"Organization\",\"@id\":\"https:\\\/\\\/focaliza2030.com\\\/#organization\",\"name\":\"Focaliza 2030\",\"url\":\"https:\\\/\\\/focaliza2030.com\\\/\",\"logo\":{\"@type\":\"ImageObject\",\"inLanguage\":\"ca\",\"@id\":\"https:\\\/\\\/focaliza2030.com\\\/#\\\/schema\\\/logo\\\/image\\\/\",\"url\":\"https:\\\/\\\/focaliza2030.com\\\/wp-content\\\/uploads\\\/2024\\\/06\\\/Logo-Blue-01.png\",\"contentUrl\":\"https:\\\/\\\/focaliza2030.com\\\/wp-content\\\/uploads\\\/2024\\\/06\\\/Logo-Blue-01.png\",\"width\":785,\"height\":820,\"caption\":\"Focaliza 2030\"},\"image\":{\"@id\":\"https:\\\/\\\/focaliza2030.com\\\/#\\\/schema\\\/logo\\\/image\\\/\"}}]}<\/script>\n<!-- \/ Yoast SEO plugin. -->","yoast_head_json":{"title":"Pol\u00edtica de privacidad - Focaliza 2030","robots":{"index":"index","follow":"follow","max-snippet":"max-snippet:-1","max-image-preview":"max-image-preview:large","max-video-preview":"max-video-preview:-1"},"canonical":"https:\/\/focaliza2030.com\/ca\/politica-de-privacidad\/","og_locale":"ca_ES","og_type":"article","og_title":"Pol\u00edtica de privacidad - Focaliza 2030","og_description":"Pol\u00edtica de privacidad EP\u00cdGRAFE Inscripci\u00f3n Registro Mercantil tomo 26884, folio 122, hoja registral B109254 Responsable FOCALIZA 2030 SL, con domicilio [&hellip;]","og_url":"https:\/\/focaliza2030.com\/ca\/politica-de-privacidad\/","og_site_name":"Focaliza 2030","article_modified_time":"2024-07-17T12:05:31+00:00","twitter_card":"summary_large_image","twitter_misc":{"Temps estimat de lectura":"6 minuts"},"schema":{"@context":"https:\/\/schema.org","@graph":[{"@type":"WebPage","@id":"https:\/\/focaliza2030.com\/politica-de-privacidad\/","url":"https:\/\/focaliza2030.com\/politica-de-privacidad\/","name":"Pol\u00edtica de privacidad - Focaliza 2030","isPartOf":{"@id":"https:\/\/focaliza2030.com\/#website"},"datePublished":"2024-06-20T12:08:50+00:00","dateModified":"2024-07-17T12:05:31+00:00","breadcrumb":{"@id":"https:\/\/focaliza2030.com\/politica-de-privacidad\/#breadcrumb"},"inLanguage":"ca","potentialAction":[{"@type":"ReadAction","target":["https:\/\/focaliza2030.com\/politica-de-privacidad\/"]}]},{"@type":"BreadcrumbList","@id":"https:\/\/focaliza2030.com\/politica-de-privacidad\/#breadcrumb","itemListElement":[{"@type":"ListItem","position":1,"name":"Portada","item":"https:\/\/focaliza2030.com\/"},{"@type":"ListItem","position":2,"name":"Pol\u00edtica de privacidad"}]},{"@type":"WebSite","@id":"https:\/\/focaliza2030.com\/#website","url":"https:\/\/focaliza2030.com\/","name":"Focaliza 2030","description":"","publisher":{"@id":"https:\/\/focaliza2030.com\/#organization"},"potentialAction":[{"@type":"SearchAction","target":{"@type":"EntryPoint","urlTemplate":"https:\/\/focaliza2030.com\/?s={search_term_string}"},"query-input":{"@type":"PropertyValueSpecification","valueRequired":true,"valueName":"search_term_string"}}],"inLanguage":"ca"},{"@type":"Organization","@id":"https:\/\/focaliza2030.com\/#organization","name":"Focaliza 2030","url":"https:\/\/focaliza2030.com\/","logo":{"@type":"ImageObject","inLanguage":"ca","@id":"https:\/\/focaliza2030.com\/#\/schema\/logo\/image\/","url":"https:\/\/focaliza2030.com\/wp-content\/uploads\/2024\/06\/Logo-Blue-01.png","contentUrl":"https:\/\/focaliza2030.com\/wp-content\/uploads\/2024\/06\/Logo-Blue-01.png","width":785,"height":820,"caption":"Focaliza 2030"},"image":{"@id":"https:\/\/focaliza2030.com\/#\/schema\/logo\/image\/"}}]}},"uagb_featured_image_src":{"full":false,"thumbnail":false,"medium":false,"medium_large":false,"large":false,"1536x1536":false,"2048x2048":false,"trp-custom-language-flag":false},"uagb_author_info":{"display_name":"Focaliza 2030","author_link":"https:\/\/focaliza2030.com\/ca\/author\/focaliza2030\/"},"uagb_comment_info":0,"uagb_excerpt":"Pol\u00edtica de privacidad EP\u00cdGRAFE Inscripci\u00f3n Registro Mercantil tomo 26884, folio 122, hoja registral B109254 Responsable FOCALIZA 2030 SL, con domicilio [&hellip;]","_links":{"self":[{"href":"https:\/\/focaliza2030.com\/ca\/wp-json\/wp\/v2\/pages\/1504","targetHints":{"allow":["GET"]}}],"collection":[{"href":"https:\/\/focaliza2030.com\/ca\/wp-json\/wp\/v2\/pages"}],"about":[{"href":"https:\/\/focaliza2030.com\/ca\/wp-json\/wp\/v2\/types\/page"}],"author":[{"embeddable":true,"href":"https:\/\/focaliza2030.com\/ca\/wp-json\/wp\/v2\/users\/2"}],"replies":[{"embeddable":true,"href":"https:\/\/focaliza2030.com\/ca\/wp-json\/wp\/v2\/comments?post=1504"}],"version-history":[{"count":44,"href":"https:\/\/focaliza2030.com\/ca\/wp-json\/wp\/v2\/pages\/1504\/revisions"}],"predecessor-version":[{"id":2008,"href":"https:\/\/focaliza2030.com\/ca\/wp-json\/wp\/v2\/pages\/1504\/revisions\/2008"}],"wp:attachment":[{"href":"https:\/\/focaliza2030.com\/ca\/wp-json\/wp\/v2\/media?parent=1504"}],"curies":[{"name":"wp","href":"https:\/\/api.w.org\/{rel}","templated":true}]}}