{"id":1501,"date":"2024-06-20T14:08:27","date_gmt":"2024-06-20T12:08:27","guid":{"rendered":"https:\/\/focaliza2030.com\/?page_id=1501"},"modified":"2024-07-17T14:08:21","modified_gmt":"2024-07-17T12:08:21","slug":"politica-de-cookies","status":"publish","type":"page","link":"https:\/\/focaliza2030.com\/ca\/politica-de-cookies\/","title":{"rendered":"Pol\u00edtica de cookies"},"content":{"rendered":"<div data-elementor-type=\"wp-page\" data-elementor-id=\"1501\" class=\"elementor elementor-1501\" data-elementor-post-type=\"page\">\n\t\t\t\t<div class=\"elementor-element elementor-element-5aaa52e e-flex e-con-boxed e-con e-parent\" data-id=\"5aaa52e\" data-element_type=\"container\" data-e-type=\"container\">\n\t\t\t\t\t<div class=\"e-con-inner\">\n\t\t\t\t<div class=\"elementor-element elementor-element-b791d0a elementor-widget elementor-widget-html\" data-id=\"b791d0a\" data-element_type=\"widget\" data-e-type=\"widget\" data-widget_type=\"html.default\">\n\t\t\t\t<div class=\"elementor-widget-container\">\n\t\t\t\t\t<style>\r\n    ._cookies {\r\n        color: #000; \/* Color cambiado a negro *\/\r\n        padding: 5em 5em 3em 5em;\r\n        width: auto;\r\n        text-align: justify;\r\n    }\r\n\r\n    ._cookies h1 {\r\n        color: #000; \/* Color cambiado a negro *\/\r\n        text-align: center;\r\n        padding: 1em;\r\n    }\r\n\r\n    ._cookies h2 {\r\n        color: #000; \/* Color cambiado a negro *\/\r\n    }\r\n    \r\n     ._cookies h3 {\r\n        color: #000; \/* Color cambiado a negro *\/\r\n    }\r\n    \r\n     ._cookies a {\r\n         color: #000;\r\n     }\r\n    \r\n    @media (max-width: 600px) {\r\n            ._cookies {\r\n                padding: 1em;\r\n                font-size: 12px !important;\r\n            }\r\n\r\n            ._cookies h1 {\r\n                font-size: 1.2em !important;\r\n                padding: 0.5em 0;\r\n            }\r\n\r\n            ._cookies h2 {\r\n                font-size: 1em !important;\r\n            }\r\n\r\n            ._cookies h3 {\r\n                font-size: 0.9em !important;\r\n            }\r\n            \r\n            .responsive {\r\n                width: 100%;\r\n                font-size: 10px !important;\r\n            }\r\n        }\r\n<\/style>\r\n<div class=\"_cookies\">\r\n    <h1>Pol\u00edtica de cookies<\/h1>\r\n    <p>Les cookies constitueixen una eina emprada pels servidors web per emmagatzemar i recuperar\n        informaci\u00f3 sobre els visitants o usuaris. No \u00e9s m\u00e9s que un fitxer de text que alguns\n        servidors instal\u00b7len durant la navegaci\u00f3 i que permeten con\u00e8ixer informaci\u00f3 com per exemple: el\n        lloc des del qual accedeix, el temps de connexi\u00f3, el dispositiu des del qual accedeix (fix o m\u00f2bil),\n        el sistema operatiu i navegador utilitzats, les p\u00e0gines m\u00e9s visitades, el n\u00famero de click\n        realitzats i de dades respecte al comportament de lusuari a Internet. No proporcionen\n        refer\u00e8ncies que permetin deduir el nom i cognoms de l'usuari i no poden llegir dades del vostre\n        disc dur ni incloure virus als seus equips. Aix\u00ed mateix, no pot llegir les cookies implantades al\n        disc dur de lusuari des daltres servidors.<\/p><br>\r\n\r\n    <h2>Perqu\u00e8 s\u00f3n importants les Cookies<\/h2>\r\n    <p>El lloc web \u00e9s accessible sense necessitat que les galetes estiguin activades, si b\u00e9, la seva desactivaci\u00f3\n        pot impedir-ne el funcionament correcte.<\/p>\r\n    <p>Des d'un punt de vista t\u00e8cnic les cookies permeten que els llocs web funcionin de manera m\u00e9s \u00e0gil i\n        adaptada a les prefer\u00e8ncies dels usuaris, com ara emmagatzemar l'idioma, la moneda del\n        pa\u00eds o detectar el dispositiu dacc\u00e9s.<\/p>\r\n    <p>Estableixen nivells de protecci\u00f3 i seguretat que impedeixen o dificulten ciberatacs contra el lloc\n        web o els usuaris.<\/p>\r\n    <p>Permeten que els gestors dels mitjans puguin con\u00e8ixer dades estad\u00edstiques recopilades per millorar la\n        qualitat i experi\u00e8ncia dels serveis.<\/p>\r\n    <p>Serveixen per optimitzar la publicitat que mostrem als usuaris, oferint la que m\u00e9s s'ajusta a\n        els seus interessos.<\/p><br>\r\n\r\n    <h2>Autoritzaci\u00f3 per a l'\u00fas de galetes<\/h2>\r\n    <p>Al lloc web apareix un Av\u00eds de Cookies que l'usuari o visitant pot acceptar, consentint\n        expressament a l'\u00fas de les galetes segons s'indica a continuaci\u00f3.<\/p>\r\n    <p>L'usuari pot configurar el navegador per rebutjar per defecte totes les cookies o per rebre\n        un av\u00eds en pantalla de la recepci\u00f3 de cada galeta i decidir sobre la seva instal\u00b7laci\u00f3 o no al disc\n        dur.<\/p><br>\r\n\r\n    <h3>Configuraci\u00f3 del navegador<\/h3>\r\n    <p><b>FOCALIZA 2030 SL<\/b> recorda als usuaris que l'\u00fas de cookies podr\u00e0 estar subjecte a la seva\n        acceptaci\u00f3 durant la instal\u00b7laci\u00f3 o actualitzaci\u00f3 del navegador utilitzat per aquests.<\/p>\r\n    <p>Aquesta acceptaci\u00f3 podr\u00e0 ser revocada mitjan\u00e7ant les opcions de configuraci\u00f3 de continguts i privadesa\n        disponibles al mateix. El Titular recomana als usuaris que consultin l'ajuda del navegador\n        o accediu a les p\u00e0gines web d'ajuda dels principals navegadors: Firefox, Internet Explorer,\n        Safari, Chrome.<\/p>\r\n    <p>Si voleu m\u00e9s informaci\u00f3 sobre com revocar el consentiment prestat o sobre el procediment\n        per deshabilitar les cookies, aix\u00ed com fer alguna pregunta sobre la Pol\u00edtica de Cookies, podeu\n        contactar amb el titular a trav\u00e9s de la seg\u00fcent adre\u00e7a de correu electr\u00f2nic <a\r\n            href=\"mailto:datos@focaliza2030.com\">datos@focaliza2030.com<\/a> indicant \u201cPol\u00edtica de Cookies\u201d a\n        lassumpte.<\/p><br>\r\n\r\n    <h2>Tipus de galetes que s'utilitzen a la web<\/h2>\r\n    <p>L'usuari que navega per la web pot trobar galetes inserides directament pel titular, o\n        b\u00e9 galetes inserides per entitats diferents del titular, segons el detallat en els seg\u00fcents\n        apartats: (Indiqueu els tipus de cookies emprades)<\/p>\r\n    <ul>\r\n        <li><strong>Galetes de sessi\u00f3<\/strong>, expiren quan l'usuari abandona la p\u00e0gina o tanca el\n            navegador, \u00e9s a dir, estan actives mentre dura la visita al lloc web i per tant s\u00f3n esborrades\n            del nostre ordinador en abandonar-lo.<\/li>\r\n        <li><strong>Galetes permanents<\/strong>, expiren quan es compleix l'objectiu per al que serveixen o\n            b\u00e9 quan s'esborren manualment, tenen data d'esborrament i s'utilitzen normalment en proc\u00e9s\n            de compra en l\u00ednia, personalitzacions o al registre, per no haver d'introduir una\n            contrasenya constantment.<\/li>\r\n    <\/ul>\r\n    <p>Segons l'entitat que gestiona l'equip o domini des d'on s'envien les galetes i tracta les dades\n        que s'obtinguin, podem distingir entre galetes pr\u00f2pies i de tercers.<\/p>\r\n    <ul>\r\n        <li>Cookies pr\u00f2pies s\u00f3n aquelles galetes que s\u00f3n enviades a l'ordinador de l'usuari i s\u00f3n gestionades\n            exclusivament per nosaltres per al millor funcionament del Lloc Web. La informaci\u00f3 que\n            demanem s'empra per millorar la qualitat del nostre servei i la teva experi\u00e8ncia com a usuari.\r\n        <\/li>\r\n        <li>Cookies de tercers, quan l'usuari interactua amb el contingut del nostre lloc web tamb\u00e9\n            es poden establir galetes de tercers (per exemple, en pr\u00e9mer botons de xarxes socials o\n            visionar v\u00eddeos allotjats en un altre lloc web), que s\u00f3n aquelles establertes per un domini\n            diferent del nostre Lloc Web. No podem accedir a les dades emmagatzemades a les cookies de\n            altres llocs web quan naveguis en els citats llocs web.<\/li>\r\n    <\/ul>\r\n    <p>Navegar per aquest portal web suposa que es puguin instal\u00b7lar els seg\u00fcents tipus de Cookies:<\/p>\r\n    <table class=\"responsive\">\r\n        <tbody>\r\n            <tr>\r\n                <th>TIPUS DE COOKIE<\/th>\r\n                <th>DESCRIPCI\u00d3N<\/th>\r\n                <th>EXEMPLE D'\u00daS<\/th>\r\n            <\/tr>\r\n            <tr>\r\n                <td>\r\n                    <p><strong>DE RENDIMENT<\/strong><\/p>\r\n                <\/td>\r\n                <td>\r\n                    <p>Aquestes cookies s'utilitzen per millorar la teva experi\u00e8ncia de navegaci\u00f3 i optimitzar el\n                        funcionament dels nostres llocs web.<\/p>\r\n                    <p>Emmagatzemen configuracions de serveis perqu\u00e8 no els hagis de reconfigurar cada\n                        vegada que ens visites.<\/p>\r\n                <\/td>\r\n                <td>\r\n                    <ul>\r\n                        <li>Ajustaments de volum de reproductors de v\u00eddeo i so.<\/li>\r\n                        <li>Velocitats de transmissi\u00f3 de v\u00eddeos \u00f2ptimes.<\/li>\r\n                        <li>Emmagatzema la compra realitzada en un \u201ccarret de la compra\u201d als serveis\n                            E-commerce<\/li>\r\n                    <\/ul>\r\n                <\/td>\r\n            <\/tr>\r\n            <tr>\r\n                <td>\r\n                    <p><strong>DE GEOLOCALITZACI\u00d3<\/strong><\/p>\r\n                <\/td>\r\n                <td>\r\n                    <p>Aquestes cookies s'utilitzen per emmagatzemar dades de geolocalitzaci\u00f3 de l'ordinador o\n                        dispositius per oferir continguts i serveis m\u00e9s adequats.<\/p>\r\n                <\/td>\r\n                <td>\r\n                    <ul>\r\n                        <li>Continguts ajustats al pa\u00eds, ciutat, idioma, etc.<\/li>\r\n                    <\/ul>\r\n                <\/td>\r\n            <\/tr>\r\n            <tr>\r\n                <td>\r\n                    <p><strong>DE REGISTRO<\/strong><\/p>\r\n                <\/td>\r\n                <td>\r\n                    <p>Les cookies de registre es creen en registrar-te o quan inicies sessi\u00f3 en un de\n                        els nostres portals web.<\/p>\r\n                <\/td>\r\n                <td>\r\n                    <ul>\r\n                        <li>Pots mantenir-te <b>autenticat<\/b> encara que tanquis el navegador, aix\u00ed quan\n                            tornis seguir\u00e0s identificat a no ser que et desconnectis o tanquis la sessi\u00f3.\r\n                        <\/li>\r\n                        <li>Per accedir a certes zones dels nostres portals web, per exemple, per\n                            participar en un concurs.<\/li>\r\n                    <\/ul>\r\n                <\/td>\r\n            <\/tr>\r\n            <tr>\r\n                <td>\r\n                    <p><strong>ANAL\u00cdTIQUES<\/strong><\/p>\r\n                <\/td>\r\n                <td>\r\n                    <p>Aquestes cookies recopilen informaci\u00f3 de la teva experi\u00e8ncia de navegaci\u00f3 als nostres\n                        portals web de forma totalment an\u00f2nima.<\/p>\r\n                <\/td>\r\n                <td>\r\n                    <ul>\r\n                        <li>Podem comptabilitzar el nombre de visitants.<\/li>\r\n                        <li>Podem saber si lusuari repeteix visita.<\/li>\r\n                        <li>Aquesta informaci\u00f3 ens pot ajudar a millorar la navegaci\u00f3 i millorar el servei.\r\n                        <\/li>\r\n                    <\/ul>\r\n                <\/td>\r\n            <\/tr>\r\n            <tr>\r\n                <td>\r\n                    <p><strong>DE PUBLICITAT<\/strong><\/p>\r\n                <\/td>\r\n                <td>\r\n                    <p>Aquestes galetes recullen informaci\u00f3 sobre els anuncis mostrats a cada usuari an\u00f2nim\n                        als portals web.<\/p>\r\n                <\/td>\r\n                <td>\r\n                    <ul>\r\n                        <li>Adaptar la publicitat al tipus de dispositiu des d'on s'est\u00e0 l'usuari\n                            connectant.<\/li>\r\n                        <li>Proporcionar anuncis gestionats a trav\u00e9s de tercers que s\u00f3n mostrats a la\n                            p\u00e0gina en temps real.<\/li>\r\n                    <\/ul>\r\n                <\/td>\r\n            <\/tr>\r\n        <\/tbody>\r\n    <\/table>\r\n\r\n<\/div>\t\t\t\t<\/div>\n\t\t\t\t<\/div>\n\t\t\t\t\t<\/div>\n\t\t\t\t<\/div>\n\t\t\t\t<\/div>","protected":false},"excerpt":{"rendered":"<p>Pol\u00edtica de cookies Las cookies constituyen una herramienta empleada por los servidores Web para almacenar y recuperar informaci\u00f3n acerca de [&hellip;]<\/p>\n","protected":false},"author":2,"featured_media":0,"parent":0,"menu_order":0,"comment_status":"closed","ping_status":"closed","template":"","meta":{"_uag_custom_page_level_css":"","site-sidebar-layout":"no-sidebar","site-content-layout":"","ast-site-content-layout":"full-width-container","site-content-style":"default","site-sidebar-style":"default","ast-global-header-display":"","ast-banner-title-visibility":"","ast-main-header-display":"","ast-hfb-above-header-display":"","ast-hfb-below-header-display":"","ast-hfb-mobile-header-display":"","site-post-title":"disabled","ast-breadcrumbs-content":"","ast-featured-img":"disabled","footer-sml-layout":"","theme-transparent-header-meta":"","adv-header-id-meta":"","stick-header-meta":"","header-above-stick-meta":"","header-main-stick-meta":"","header-below-stick-meta":"","astra-migrate-meta-layouts":"default","ast-page-background-enabled":"default","ast-page-background-meta":{"desktop":{"background-color":"var(--ast-global-color-4)","background-image":"","background-repeat":"repeat","background-position":"center center","background-size":"auto","background-attachment":"scroll","background-type":"","background-media":"","overlay-type":"","overlay-color":"","overlay-opacity":"","overlay-gradient":""},"tablet":{"background-color":"","background-image":"","background-repeat":"repeat","background-position":"center center","background-size":"auto","background-attachment":"scroll","background-type":"","background-media":"","overlay-type":"","overlay-color":"","overlay-opacity":"","overlay-gradient":""},"mobile":{"background-color":"","background-image":"","background-repeat":"repeat","background-position":"center center","background-size":"auto","background-attachment":"scroll","background-type":"","background-media":"","overlay-type":"","overlay-color":"","overlay-opacity":"","overlay-gradient":""}},"ast-content-background-meta":{"desktop":{"background-color":"var(--ast-global-color-5)","background-image":"","background-repeat":"repeat","background-position":"center center","background-size":"auto","background-attachment":"scroll","background-type":"","background-media":"","overlay-type":"","overlay-color":"","overlay-opacity":"","overlay-gradient":""},"tablet":{"background-color":"var(--ast-global-color-5)","background-image":"","background-repeat":"repeat","background-position":"center center","background-size":"auto","background-attachment":"scroll","background-type":"","background-media":"","overlay-type":"","overlay-color":"","overlay-opacity":"","overlay-gradient":""},"mobile":{"background-color":"var(--ast-global-color-5)","background-image":"","background-repeat":"repeat","background-position":"center center","background-size":"auto","background-attachment":"scroll","background-type":"","background-media":"","overlay-type":"","overlay-color":"","overlay-opacity":"","overlay-gradient":""}},"footnotes":""},"class_list":["post-1501","page","type-page","status-publish","hentry"],"yoast_head":"<!-- This site is optimized with the Yoast SEO plugin v27.3 - https:\/\/yoast.com\/product\/yoast-seo-wordpress\/ -->\n<title>Pol\u00edtica de cookies - Focaliza 2030<\/title>\n<meta name=\"robots\" content=\"index, follow, max-snippet:-1, max-image-preview:large, max-video-preview:-1\" \/>\n<link rel=\"canonical\" href=\"https:\/\/focaliza2030.com\/ca\/politica-de-cookies\/\" \/>\n<meta property=\"og:locale\" content=\"ca_ES\" \/>\n<meta property=\"og:type\" content=\"article\" \/>\n<meta property=\"og:title\" content=\"Pol\u00edtica de cookies - Focaliza 2030\" \/>\n<meta property=\"og:description\" content=\"Pol\u00edtica de cookies Las cookies constituyen una herramienta empleada por los servidores Web para almacenar y recuperar informaci\u00f3n acerca de [&hellip;]\" \/>\n<meta property=\"og:url\" content=\"https:\/\/focaliza2030.com\/ca\/politica-de-cookies\/\" \/>\n<meta property=\"og:site_name\" content=\"Focaliza 2030\" \/>\n<meta property=\"article:modified_time\" content=\"2024-07-17T12:08:21+00:00\" \/>\n<meta name=\"twitter:card\" content=\"summary_large_image\" \/>\n<meta name=\"twitter:label1\" content=\"Temps estimat de lectura\" \/>\n\t<meta name=\"twitter:data1\" content=\"5 minuts\" \/>\n<script type=\"application\/ld+json\" class=\"yoast-schema-graph\">{\"@context\":\"https:\\\/\\\/schema.org\",\"@graph\":[{\"@type\":\"WebPage\",\"@id\":\"https:\\\/\\\/focaliza2030.com\\\/politica-de-cookies\\\/\",\"url\":\"https:\\\/\\\/focaliza2030.com\\\/politica-de-cookies\\\/\",\"name\":\"Pol\u00edtica de cookies - Focaliza 2030\",\"isPartOf\":{\"@id\":\"https:\\\/\\\/focaliza2030.com\\\/#website\"},\"datePublished\":\"2024-06-20T12:08:27+00:00\",\"dateModified\":\"2024-07-17T12:08:21+00:00\",\"breadcrumb\":{\"@id\":\"https:\\\/\\\/focaliza2030.com\\\/politica-de-cookies\\\/#breadcrumb\"},\"inLanguage\":\"ca\",\"potentialAction\":[{\"@type\":\"ReadAction\",\"target\":[\"https:\\\/\\\/focaliza2030.com\\\/politica-de-cookies\\\/\"]}]},{\"@type\":\"BreadcrumbList\",\"@id\":\"https:\\\/\\\/focaliza2030.com\\\/politica-de-cookies\\\/#breadcrumb\",\"itemListElement\":[{\"@type\":\"ListItem\",\"position\":1,\"name\":\"Portada\",\"item\":\"https:\\\/\\\/focaliza2030.com\\\/\"},{\"@type\":\"ListItem\",\"position\":2,\"name\":\"Pol\u00edtica de cookies\"}]},{\"@type\":\"WebSite\",\"@id\":\"https:\\\/\\\/focaliza2030.com\\\/#website\",\"url\":\"https:\\\/\\\/focaliza2030.com\\\/\",\"name\":\"Focaliza 2030\",\"description\":\"\",\"publisher\":{\"@id\":\"https:\\\/\\\/focaliza2030.com\\\/#organization\"},\"potentialAction\":[{\"@type\":\"SearchAction\",\"target\":{\"@type\":\"EntryPoint\",\"urlTemplate\":\"https:\\\/\\\/focaliza2030.com\\\/?s={search_term_string}\"},\"query-input\":{\"@type\":\"PropertyValueSpecification\",\"valueRequired\":true,\"valueName\":\"search_term_string\"}}],\"inLanguage\":\"ca\"},{\"@type\":\"Organization\",\"@id\":\"https:\\\/\\\/focaliza2030.com\\\/#organization\",\"name\":\"Focaliza 2030\",\"url\":\"https:\\\/\\\/focaliza2030.com\\\/\",\"logo\":{\"@type\":\"ImageObject\",\"inLanguage\":\"ca\",\"@id\":\"https:\\\/\\\/focaliza2030.com\\\/#\\\/schema\\\/logo\\\/image\\\/\",\"url\":\"https:\\\/\\\/focaliza2030.com\\\/wp-content\\\/uploads\\\/2024\\\/06\\\/Logo-Blue-01.png\",\"contentUrl\":\"https:\\\/\\\/focaliza2030.com\\\/wp-content\\\/uploads\\\/2024\\\/06\\\/Logo-Blue-01.png\",\"width\":785,\"height\":820,\"caption\":\"Focaliza 2030\"},\"image\":{\"@id\":\"https:\\\/\\\/focaliza2030.com\\\/#\\\/schema\\\/logo\\\/image\\\/\"}}]}<\/script>\n<!-- \/ Yoast SEO plugin. -->","yoast_head_json":{"title":"Pol\u00edtica de cookies - Focaliza 2030","robots":{"index":"index","follow":"follow","max-snippet":"max-snippet:-1","max-image-preview":"max-image-preview:large","max-video-preview":"max-video-preview:-1"},"canonical":"https:\/\/focaliza2030.com\/ca\/politica-de-cookies\/","og_locale":"ca_ES","og_type":"article","og_title":"Pol\u00edtica de cookies - Focaliza 2030","og_description":"Pol\u00edtica de cookies Las cookies constituyen una herramienta empleada por los servidores Web para almacenar y recuperar informaci\u00f3n acerca de [&hellip;]","og_url":"https:\/\/focaliza2030.com\/ca\/politica-de-cookies\/","og_site_name":"Focaliza 2030","article_modified_time":"2024-07-17T12:08:21+00:00","twitter_card":"summary_large_image","twitter_misc":{"Temps estimat de lectura":"5 minuts"},"schema":{"@context":"https:\/\/schema.org","@graph":[{"@type":"WebPage","@id":"https:\/\/focaliza2030.com\/politica-de-cookies\/","url":"https:\/\/focaliza2030.com\/politica-de-cookies\/","name":"Pol\u00edtica de cookies - Focaliza 2030","isPartOf":{"@id":"https:\/\/focaliza2030.com\/#website"},"datePublished":"2024-06-20T12:08:27+00:00","dateModified":"2024-07-17T12:08:21+00:00","breadcrumb":{"@id":"https:\/\/focaliza2030.com\/politica-de-cookies\/#breadcrumb"},"inLanguage":"ca","potentialAction":[{"@type":"ReadAction","target":["https:\/\/focaliza2030.com\/politica-de-cookies\/"]}]},{"@type":"BreadcrumbList","@id":"https:\/\/focaliza2030.com\/politica-de-cookies\/#breadcrumb","itemListElement":[{"@type":"ListItem","position":1,"name":"Portada","item":"https:\/\/focaliza2030.com\/"},{"@type":"ListItem","position":2,"name":"Pol\u00edtica de cookies"}]},{"@type":"WebSite","@id":"https:\/\/focaliza2030.com\/#website","url":"https:\/\/focaliza2030.com\/","name":"Focaliza 2030","description":"","publisher":{"@id":"https:\/\/focaliza2030.com\/#organization"},"potentialAction":[{"@type":"SearchAction","target":{"@type":"EntryPoint","urlTemplate":"https:\/\/focaliza2030.com\/?s={search_term_string}"},"query-input":{"@type":"PropertyValueSpecification","valueRequired":true,"valueName":"search_term_string"}}],"inLanguage":"ca"},{"@type":"Organization","@id":"https:\/\/focaliza2030.com\/#organization","name":"Focaliza 2030","url":"https:\/\/focaliza2030.com\/","logo":{"@type":"ImageObject","inLanguage":"ca","@id":"https:\/\/focaliza2030.com\/#\/schema\/logo\/image\/","url":"https:\/\/focaliza2030.com\/wp-content\/uploads\/2024\/06\/Logo-Blue-01.png","contentUrl":"https:\/\/focaliza2030.com\/wp-content\/uploads\/2024\/06\/Logo-Blue-01.png","width":785,"height":820,"caption":"Focaliza 2030"},"image":{"@id":"https:\/\/focaliza2030.com\/#\/schema\/logo\/image\/"}}]}},"uagb_featured_image_src":{"full":false,"thumbnail":false,"medium":false,"medium_large":false,"large":false,"1536x1536":false,"2048x2048":false,"trp-custom-language-flag":false},"uagb_author_info":{"display_name":"Focaliza 2030","author_link":"https:\/\/focaliza2030.com\/ca\/author\/focaliza2030\/"},"uagb_comment_info":0,"uagb_excerpt":"Pol\u00edtica de cookies Las cookies constituyen una herramienta empleada por los servidores Web para almacenar y recuperar informaci\u00f3n acerca de [&hellip;]","_links":{"self":[{"href":"https:\/\/focaliza2030.com\/ca\/wp-json\/wp\/v2\/pages\/1501","targetHints":{"allow":["GET"]}}],"collection":[{"href":"https:\/\/focaliza2030.com\/ca\/wp-json\/wp\/v2\/pages"}],"about":[{"href":"https:\/\/focaliza2030.com\/ca\/wp-json\/wp\/v2\/types\/page"}],"author":[{"embeddable":true,"href":"https:\/\/focaliza2030.com\/ca\/wp-json\/wp\/v2\/users\/2"}],"replies":[{"embeddable":true,"href":"https:\/\/focaliza2030.com\/ca\/wp-json\/wp\/v2\/comments?post=1501"}],"version-history":[{"count":26,"href":"https:\/\/focaliza2030.com\/ca\/wp-json\/wp\/v2\/pages\/1501\/revisions"}],"predecessor-version":[{"id":2023,"href":"https:\/\/focaliza2030.com\/ca\/wp-json\/wp\/v2\/pages\/1501\/revisions\/2023"}],"wp:attachment":[{"href":"https:\/\/focaliza2030.com\/ca\/wp-json\/wp\/v2\/media?parent=1501"}],"curies":[{"name":"wp","href":"https:\/\/api.w.org\/{rel}","templated":true}]}}