{"id":1498,"date":"2024-06-20T14:07:26","date_gmt":"2024-06-20T12:07:26","guid":{"rendered":"https:\/\/focaliza2030.com\/?page_id=1498"},"modified":"2024-07-17T13:59:01","modified_gmt":"2024-07-17T11:59:01","slug":"aviso-legal","status":"publish","type":"page","link":"https:\/\/focaliza2030.com\/ca\/aviso-legal\/","title":{"rendered":"Av\u00eds Legal"},"content":{"rendered":"<div data-elementor-type=\"wp-page\" data-elementor-id=\"1498\" class=\"elementor elementor-1498\" data-elementor-post-type=\"page\">\n\t\t\t\t<div class=\"elementor-element elementor-element-18510f5 e-flex e-con-boxed e-con e-parent\" data-id=\"18510f5\" data-element_type=\"container\" data-e-type=\"container\">\n\t\t\t\t\t<div class=\"e-con-inner\">\n\t\t\t\t<div class=\"elementor-element elementor-element-3ab3d2d elementor-widget elementor-widget-html\" data-id=\"3ab3d2d\" data-element_type=\"widget\" data-e-type=\"widget\" data-widget_type=\"html.default\">\n\t\t\t\t<div class=\"elementor-widget-container\">\n\t\t\t\t\t<style>\r\n    .legal_ {\r\n        color: #000;\r\n        \/* Color cambiado a negro *\/\r\n        padding: 5em 5em 3em 5em;\r\n        width: auto;\r\n        text-align: justify;\r\n    }\r\n\r\n    .legal_ h1 {\r\n        color: #000;\r\n        \/* Color cambiado a negro *\/\r\n        text-align: center;\r\n        padding: 1em;\r\n    }\r\n\r\n    .legal_ h2 {\r\n        color: #000;\r\n        \/* Color cambiado a negro *\/\r\n    }\r\n\r\n    .legal_ h3 {\r\n        color: #000;\r\n        \/* Color cambiado a negro *\/\r\n    }\r\n\r\n    .legal_ a {\r\n        color: #000;\r\n    }\r\n\r\n    @media (max-width: 600px) {\r\n        .legal_ {\r\n            padding: 1em;\r\n            font-size: 12px !important;\r\n        }\r\n\r\n        .legal_ h1 {\r\n            font-size: 1.2em !important;\r\n            padding: 0.5em 0;\r\n        }\r\n\r\n        .legal_ h2 {\r\n            font-size: 1em !important;\r\n        }\r\n\r\n        .legal_ h3 {\r\n            font-size: 0.9em !important;\r\n        }\r\n    }\r\n<\/style>\r\n\r\n<div class=\"legal_\">\r\n    <h1>Av\u00eds legal<\/h1>\r\n    <p>Aquesta p\u00e0gina web \u00e9s propietat de <strong>FOCALIZA 2030 S.L.<\/strong><\/p>\r\n    <ul>\r\n        <li>CIF: B87246260<\/li>\r\n        <li>Inscripci\u00f3 Registre Mercantil tom 26884, foli 122, fulla registral B109254.<\/li>\r\n        <li>Domicilio Social: Av. Cabrera 36, Coworking Torre d'Ara, Of. A04, 08302 Matar\u00f3<\/li>\r\n        <li>Adre\u00e7a de correu electr\u00f2nic: <a href=\"mailto:datos@focaliza2030.com\">datos@focaliza2030.com<\/a>\r\n        <\/li>\r\n        <li>Tel\u00e9fono: (+34) 93 83 27755<\/li><br>\r\n    <\/ul>\r\n    <p>La utilitzaci\u00f3 d'aquesta p\u00e0gina Web atribueix la condici\u00f3 d'Usuari a qui ho faci i implica l'acceptaci\u00f3\nde totes les condicions incloses en aquest Av\u00eds Legal. L'Usuari haur\u00e0 de llegir aquestes\ncondicions cada vegada que accedeixi a aquesta Web, ja que poden ser modificades en endavant. Alguns\naspectes d'aquesta p\u00e0gina Web, per la seva especialitat, poden estar subjectes a condicions o regles\nparticulars que poden substituir, completar o modificar aquest Av\u00eds Legal, per la qual cosa tamb\u00e9 han de ser\nacceptades per l'Usuari que els utilitzi o accedeixi a ells.<\/p>\r\n    <p>Tots els continguts d'aquesta Web (textos, fotografies, gr\u00e0fics, imatges, tecnologia, programari, links,\ncontinguts audiovisuals o sonors, disseny gr\u00e0fic, codi font, etc.), aix\u00ed com les marques i altres\nsignes distintius s\u00f3n propietat de <strong>FOCALIZA 2030 S.L.<\/strong> o de tercers, no adquirint l'Usuari\ncap dret sobre ells pel mer \u00fas d'aquesta Web. L'Usuari, haur\u00e0 d'abstenir-se de: a)\nreproduir, copiar, distribuir, posar a la disposici\u00f3 de tercers, comunicar p\u00fablicament, transformar o\nmodificar els continguts d'aquesta Web, excepte en els casos contemplats en la llei o expressament\nautoritzats per <strong>FOCALIZA 2030 S.L.<\/strong> o pel titular d'aquests drets. b) reproduir o\ncopiar per a \u00fas privat el programari, les imatges, els v\u00eddeos o les bases de dades existents en aquesta\nWeb, aix\u00ed com comunicar-los p\u00fablicament o posar-los a la disposici\u00f3 de tercers quan aix\u00f2 comporti la seva\nreproducci\u00f3. c) extreure o reutilitzar els continguts integrants d'aquesta Web.<\/p>\r\n    <p>L'Usuari que vulgui introduir enlla\u00e7os a aquesta Web des de les seves pr\u00f2pies p\u00e0gines Web estar\u00e0 obligat a\ncomplir les condicions seg\u00fcents:\r\n    <\/p>\r\n    <ul>\r\n        <li>a) l'enlla\u00e7 \u00fanicament vincular\u00e0 amb la home page, no podent reproduir-la de cap manera.<\/li>\r\n        <li>b) no podran establir-se frames o marcs de qualsevol tipus que envoltin la Web o permetin\nvisualitzar-la a trav\u00e9s d'adreces d'Internet diferents o conjuntament amb continguts aliens a\naquesta Web, de manera que produeixi, o pugui produir, error o confusi\u00f3 en els Usuaris sobre la\nproced\u00e8ncia del servei o el seu contingut, impliqui un acte de comparaci\u00f3 o imitaci\u00f3 deslleial, serveixi\nper a aprofitar la reputaci\u00f3, marca i prestigi de <strong>FOCALIZA 2030 S.L.<\/strong> o es faci de\nqualsevol altre mode que estigui prohibit per la Llei.<\/li>\r\n        <li>c) des de la p\u00e0gina que realitzi l'enlla\u00e7 no podr\u00e0 efectuar-se cap mena de manifestaci\u00f3 falsa o\ninexacta sobri <strong>FOCALIZA 2030 S.L.<\/strong> o sobre la qualitat dels seus productes i serveis.\r\n        <\/li>\r\n        <li>d) El remitente no podr\u00e1 utilizar la marca o cualquier otro signo distintivo de <strong>FOCALIZA 2030\r\n                S.L.<\/strong> dins de la seva p\u00e0gina Web, excepte en els casos autoritzats per la llei o permesos\nexpressament per <strong>FOCALIZA 2030 S.L.<\/strong><\/li>\r\n        <li>e) la p\u00e0gina que estableixi l'enlla\u00e7 haur\u00e0 d'observar la legalitat vigent i no podr\u00e0 disposar d'o\nenlla\u00e7ar amb continguts il\u00b7l\u00edcits, nocius, contraris a la moral i als bons costums, que\nprodueixin o puguin produir la falsa idea de qu\u00e8 <strong>FOCALIZA 2030 S.L.<\/strong> recolza o\nsecunda, les idees, manifestacions o actuacions del remitent o que resultin inadequats en relaci\u00f3\namb l'activitat desenvolupada per <strong>FOCALIZA 2030 S.L.<\/strong>, tenint en compte els\ncontinguts i la tem\u00e0tica general de la p\u00e0gina Web on s'estableixi l'enlla\u00e7.<\/li><br>\r\n    <\/ul>\r\n    <p><\/p>\r\n    <p><strong>FOCALIZA 2030 S.L.<\/strong> no \u00e9s responsable de controlar que en aquesta Web no existeixin programes\nmaliciosos o qualsevol altre element inform\u00e0tic nociu. Correspon a l'Usuari, en tot cas, disposar\nd'eines adequades per a la detecci\u00f3 i desinfecci\u00f3 d'aquests elements. D'acord amb aix\u00f2,\r\n        <strong>FOCALIZA 2030 S.L.<\/strong> no es responsabilitza dels danys produ\u00efts a equips inform\u00e0tics\ndurant l'acc\u00e9s a la present Web. Igualment, <strong>FOCALIZA 2030 S.L.<\/strong> no ser\u00e0 responsable\ndels danys produ\u00efts als Usuaris quan aquests danys tinguin el seu origen en fallades o desconnexions en\nles xarxes de telecomunicacions que interrompin el servei d'aquesta Web.\r\n    <\/p><br>\r\n    <p>Aquesta web pot incloure enlla\u00e7os que permeten a l'usuari accedir a altres p\u00e0gines d'Internet. En aquests\n        casos, <strong>FOCALIZA 2030 S.L.<\/strong> nom\u00e9s ser\u00e0 responsable dels continguts i serveis\n        subministrats a trav\u00e9s dels enlla\u00e7os quan conegui la seva il\u00b7licitud i no els hagi desactivat\n        diligentment. Si un Usuari consider\u00e9s que hi ha un enlla\u00e7 amb continguts il\u00b7l\u00edcits o inadequats,\n        ho podr\u00e0 indicar a <strong>FOCALIZA 2030 S.L.<\/strong>, sense que aix\u00f2 suposi que aquest quedi obligat per\n        aix\u00f2 a retirar el corresponent enlla\u00e7. <strong>FOCALIZA 2030 S.L.<\/strong> no sempre coneix els\n        continguts i serveis dels enlla\u00e7os i per tant no es fa responsable dels danys derivats del seu\n        manca de qualitat, desactualitzaci\u00f3, indisponibilitat, error, inutilitat o il\u00b7legalitat i no respon de\n        les manifestacions realitzades o dels continguts o serveis proporcionats a trav\u00e9s d'ells, excepte\n        que sigui directament responsable de la prestaci\u00f3 dels serveis esmentats.<\/p><br>\r\n    <p>L'Usuari es compromet a fer un \u00fas correcte d'aquest Web de conformitat amb la Llei, amb aquest\n        Av\u00eds Legal i amb les altres condicions, reglaments i instruccions que, si escau, poguessin ser de\n        aplicaci\u00f3. L'Usuari respondr\u00e0 davant de <strong>FOCALIZA 2030 S.L.<\/strong> i davant de tercers de\n        qualssevol danys o perjudicis que es puguin causar per incompliment d'aquestes obligacions.<\/p>\r\n    <p>Aquest Av\u00eds Legal es regeix \u00edntegrament per la legislaci\u00f3 espanyola. Per a la resoluci\u00f3 de qualsevol\n        conflicte relatiu a la interpretaci\u00f3 o aplicaci\u00f3 d'aquest Av\u00eds Legal, l'Usuari se sotmet\n        expressament a la jurisdicci\u00f3 dels tribunals on estigui domiciliada <strong>FOCALIZA 2030 S.L.<\/strong>\r\n    <\/p>\r\n<\/div>\t\t\t\t<\/div>\n\t\t\t\t<\/div>\n\t\t\t\t\t<\/div>\n\t\t\t\t<\/div>\n\t\t\t\t<\/div>","protected":false},"excerpt":{"rendered":"<p>Aviso legal Esta p\u00e1gina web es propiedad de FOCALIZA 2030 S.L. CIF: B87246260 Inscripci\u00f3n Registro Mercantil tomo 26884, folio 122, [&hellip;]<\/p>\n","protected":false},"author":2,"featured_media":0,"parent":0,"menu_order":0,"comment_status":"closed","ping_status":"closed","template":"","meta":{"_uag_custom_page_level_css":"","site-sidebar-layout":"no-sidebar","site-content-layout":"","ast-site-content-layout":"full-width-container","site-content-style":"default","site-sidebar-style":"default","ast-global-header-display":"","ast-banner-title-visibility":"","ast-main-header-display":"","ast-hfb-above-header-display":"","ast-hfb-below-header-display":"","ast-hfb-mobile-header-display":"","site-post-title":"disabled","ast-breadcrumbs-content":"","ast-featured-img":"disabled","footer-sml-layout":"","theme-transparent-header-meta":"","adv-header-id-meta":"","stick-header-meta":"","header-above-stick-meta":"","header-main-stick-meta":"","header-below-stick-meta":"","astra-migrate-meta-layouts":"default","ast-page-background-enabled":"default","ast-page-background-meta":{"desktop":{"background-color":"var(--ast-global-color-4)","background-image":"","background-repeat":"repeat","background-position":"center center","background-size":"auto","background-attachment":"scroll","background-type":"","background-media":"","overlay-type":"","overlay-color":"","overlay-opacity":"","overlay-gradient":""},"tablet":{"background-color":"","background-image":"","background-repeat":"repeat","background-position":"center center","background-size":"auto","background-attachment":"scroll","background-type":"","background-media":"","overlay-type":"","overlay-color":"","overlay-opacity":"","overlay-gradient":""},"mobile":{"background-color":"","background-image":"","background-repeat":"repeat","background-position":"center center","background-size":"auto","background-attachment":"scroll","background-type":"","background-media":"","overlay-type":"","overlay-color":"","overlay-opacity":"","overlay-gradient":""}},"ast-content-background-meta":{"desktop":{"background-color":"var(--ast-global-color-5)","background-image":"","background-repeat":"repeat","background-position":"center center","background-size":"auto","background-attachment":"scroll","background-type":"","background-media":"","overlay-type":"","overlay-color":"","overlay-opacity":"","overlay-gradient":""},"tablet":{"background-color":"var(--ast-global-color-5)","background-image":"","background-repeat":"repeat","background-position":"center center","background-size":"auto","background-attachment":"scroll","background-type":"","background-media":"","overlay-type":"","overlay-color":"","overlay-opacity":"","overlay-gradient":""},"mobile":{"background-color":"var(--ast-global-color-5)","background-image":"","background-repeat":"repeat","background-position":"center center","background-size":"auto","background-attachment":"scroll","background-type":"","background-media":"","overlay-type":"","overlay-color":"","overlay-opacity":"","overlay-gradient":""}},"footnotes":""},"class_list":["post-1498","page","type-page","status-publish","hentry"],"yoast_head":"<!-- This site is optimized with the Yoast SEO plugin v27.3 - https:\/\/yoast.com\/product\/yoast-seo-wordpress\/ -->\n<title>Aviso Legal - Focaliza 2030<\/title>\n<meta name=\"robots\" content=\"index, follow, max-snippet:-1, max-image-preview:large, max-video-preview:-1\" \/>\n<link rel=\"canonical\" href=\"https:\/\/focaliza2030.com\/ca\/aviso-legal\/\" \/>\n<meta property=\"og:locale\" content=\"ca_ES\" \/>\n<meta property=\"og:type\" content=\"article\" \/>\n<meta property=\"og:title\" content=\"Aviso Legal - Focaliza 2030\" \/>\n<meta property=\"og:description\" content=\"Aviso legal Esta p\u00e1gina web es propiedad de FOCALIZA 2030 S.L. CIF: B87246260 Inscripci\u00f3n Registro Mercantil tomo 26884, folio 122, [&hellip;]\" \/>\n<meta property=\"og:url\" content=\"https:\/\/focaliza2030.com\/ca\/aviso-legal\/\" \/>\n<meta property=\"og:site_name\" content=\"Focaliza 2030\" \/>\n<meta property=\"article:modified_time\" content=\"2024-07-17T11:59:01+00:00\" \/>\n<meta name=\"twitter:card\" content=\"summary_large_image\" \/>\n<meta name=\"twitter:label1\" content=\"Temps estimat de lectura\" \/>\n\t<meta name=\"twitter:data1\" content=\"5 minuts\" \/>\n<script type=\"application\/ld+json\" class=\"yoast-schema-graph\">{\"@context\":\"https:\\\/\\\/schema.org\",\"@graph\":[{\"@type\":\"WebPage\",\"@id\":\"https:\\\/\\\/focaliza2030.com\\\/aviso-legal\\\/\",\"url\":\"https:\\\/\\\/focaliza2030.com\\\/aviso-legal\\\/\",\"name\":\"Aviso Legal - Focaliza 2030\",\"isPartOf\":{\"@id\":\"https:\\\/\\\/focaliza2030.com\\\/#website\"},\"datePublished\":\"2024-06-20T12:07:26+00:00\",\"dateModified\":\"2024-07-17T11:59:01+00:00\",\"breadcrumb\":{\"@id\":\"https:\\\/\\\/focaliza2030.com\\\/aviso-legal\\\/#breadcrumb\"},\"inLanguage\":\"ca\",\"potentialAction\":[{\"@type\":\"ReadAction\",\"target\":[\"https:\\\/\\\/focaliza2030.com\\\/aviso-legal\\\/\"]}]},{\"@type\":\"BreadcrumbList\",\"@id\":\"https:\\\/\\\/focaliza2030.com\\\/aviso-legal\\\/#breadcrumb\",\"itemListElement\":[{\"@type\":\"ListItem\",\"position\":1,\"name\":\"Portada\",\"item\":\"https:\\\/\\\/focaliza2030.com\\\/\"},{\"@type\":\"ListItem\",\"position\":2,\"name\":\"Aviso Legal\"}]},{\"@type\":\"WebSite\",\"@id\":\"https:\\\/\\\/focaliza2030.com\\\/#website\",\"url\":\"https:\\\/\\\/focaliza2030.com\\\/\",\"name\":\"Focaliza 2030\",\"description\":\"\",\"publisher\":{\"@id\":\"https:\\\/\\\/focaliza2030.com\\\/#organization\"},\"potentialAction\":[{\"@type\":\"SearchAction\",\"target\":{\"@type\":\"EntryPoint\",\"urlTemplate\":\"https:\\\/\\\/focaliza2030.com\\\/?s={search_term_string}\"},\"query-input\":{\"@type\":\"PropertyValueSpecification\",\"valueRequired\":true,\"valueName\":\"search_term_string\"}}],\"inLanguage\":\"ca\"},{\"@type\":\"Organization\",\"@id\":\"https:\\\/\\\/focaliza2030.com\\\/#organization\",\"name\":\"Focaliza 2030\",\"url\":\"https:\\\/\\\/focaliza2030.com\\\/\",\"logo\":{\"@type\":\"ImageObject\",\"inLanguage\":\"ca\",\"@id\":\"https:\\\/\\\/focaliza2030.com\\\/#\\\/schema\\\/logo\\\/image\\\/\",\"url\":\"https:\\\/\\\/focaliza2030.com\\\/wp-content\\\/uploads\\\/2024\\\/06\\\/Logo-Blue-01.png\",\"contentUrl\":\"https:\\\/\\\/focaliza2030.com\\\/wp-content\\\/uploads\\\/2024\\\/06\\\/Logo-Blue-01.png\",\"width\":785,\"height\":820,\"caption\":\"Focaliza 2030\"},\"image\":{\"@id\":\"https:\\\/\\\/focaliza2030.com\\\/#\\\/schema\\\/logo\\\/image\\\/\"}}]}<\/script>\n<!-- \/ Yoast SEO plugin. -->","yoast_head_json":{"title":"Aviso Legal - Focaliza 2030","robots":{"index":"index","follow":"follow","max-snippet":"max-snippet:-1","max-image-preview":"max-image-preview:large","max-video-preview":"max-video-preview:-1"},"canonical":"https:\/\/focaliza2030.com\/ca\/aviso-legal\/","og_locale":"ca_ES","og_type":"article","og_title":"Aviso Legal - Focaliza 2030","og_description":"Aviso legal Esta p\u00e1gina web es propiedad de FOCALIZA 2030 S.L. CIF: B87246260 Inscripci\u00f3n Registro Mercantil tomo 26884, folio 122, [&hellip;]","og_url":"https:\/\/focaliza2030.com\/ca\/aviso-legal\/","og_site_name":"Focaliza 2030","article_modified_time":"2024-07-17T11:59:01+00:00","twitter_card":"summary_large_image","twitter_misc":{"Temps estimat de lectura":"5 minuts"},"schema":{"@context":"https:\/\/schema.org","@graph":[{"@type":"WebPage","@id":"https:\/\/focaliza2030.com\/aviso-legal\/","url":"https:\/\/focaliza2030.com\/aviso-legal\/","name":"Aviso Legal - Focaliza 2030","isPartOf":{"@id":"https:\/\/focaliza2030.com\/#website"},"datePublished":"2024-06-20T12:07:26+00:00","dateModified":"2024-07-17T11:59:01+00:00","breadcrumb":{"@id":"https:\/\/focaliza2030.com\/aviso-legal\/#breadcrumb"},"inLanguage":"ca","potentialAction":[{"@type":"ReadAction","target":["https:\/\/focaliza2030.com\/aviso-legal\/"]}]},{"@type":"BreadcrumbList","@id":"https:\/\/focaliza2030.com\/aviso-legal\/#breadcrumb","itemListElement":[{"@type":"ListItem","position":1,"name":"Portada","item":"https:\/\/focaliza2030.com\/"},{"@type":"ListItem","position":2,"name":"Aviso Legal"}]},{"@type":"WebSite","@id":"https:\/\/focaliza2030.com\/#website","url":"https:\/\/focaliza2030.com\/","name":"Focaliza 2030","description":"","publisher":{"@id":"https:\/\/focaliza2030.com\/#organization"},"potentialAction":[{"@type":"SearchAction","target":{"@type":"EntryPoint","urlTemplate":"https:\/\/focaliza2030.com\/?s={search_term_string}"},"query-input":{"@type":"PropertyValueSpecification","valueRequired":true,"valueName":"search_term_string"}}],"inLanguage":"ca"},{"@type":"Organization","@id":"https:\/\/focaliza2030.com\/#organization","name":"Focaliza 2030","url":"https:\/\/focaliza2030.com\/","logo":{"@type":"ImageObject","inLanguage":"ca","@id":"https:\/\/focaliza2030.com\/#\/schema\/logo\/image\/","url":"https:\/\/focaliza2030.com\/wp-content\/uploads\/2024\/06\/Logo-Blue-01.png","contentUrl":"https:\/\/focaliza2030.com\/wp-content\/uploads\/2024\/06\/Logo-Blue-01.png","width":785,"height":820,"caption":"Focaliza 2030"},"image":{"@id":"https:\/\/focaliza2030.com\/#\/schema\/logo\/image\/"}}]}},"uagb_featured_image_src":{"full":false,"thumbnail":false,"medium":false,"medium_large":false,"large":false,"1536x1536":false,"2048x2048":false,"trp-custom-language-flag":false},"uagb_author_info":{"display_name":"Focaliza 2030","author_link":"https:\/\/focaliza2030.com\/ca\/author\/focaliza2030\/"},"uagb_comment_info":0,"uagb_excerpt":"Aviso legal Esta p\u00e1gina web es propiedad de FOCALIZA 2030 S.L. CIF: B87246260 Inscripci\u00f3n Registro Mercantil tomo 26884, folio 122, [&hellip;]","_links":{"self":[{"href":"https:\/\/focaliza2030.com\/ca\/wp-json\/wp\/v2\/pages\/1498","targetHints":{"allow":["GET"]}}],"collection":[{"href":"https:\/\/focaliza2030.com\/ca\/wp-json\/wp\/v2\/pages"}],"about":[{"href":"https:\/\/focaliza2030.com\/ca\/wp-json\/wp\/v2\/types\/page"}],"author":[{"embeddable":true,"href":"https:\/\/focaliza2030.com\/ca\/wp-json\/wp\/v2\/users\/2"}],"replies":[{"embeddable":true,"href":"https:\/\/focaliza2030.com\/ca\/wp-json\/wp\/v2\/comments?post=1498"}],"version-history":[{"count":32,"href":"https:\/\/focaliza2030.com\/ca\/wp-json\/wp\/v2\/pages\/1498\/revisions"}],"predecessor-version":[{"id":1994,"href":"https:\/\/focaliza2030.com\/ca\/wp-json\/wp\/v2\/pages\/1498\/revisions\/1994"}],"wp:attachment":[{"href":"https:\/\/focaliza2030.com\/ca\/wp-json\/wp\/v2\/media?parent=1498"}],"curies":[{"name":"wp","href":"https:\/\/api.w.org\/{rel}","templated":true}]}}